{"id":1613,"date":"2019-04-01T10:22:17","date_gmt":"2019-04-01T10:22:17","guid":{"rendered":"http:\/\/avantage.omnicom-dev.com\/business\/?page_id=1613"},"modified":"2022-08-04T11:52:58","modified_gmt":"2022-08-04T08:52:58","slug":"almanya-mavi-kart-3","status":"publish","type":"page","link":"https:\/\/almanyamavikart.com\/tr\/almanya-mavi-kart-3\/","title":{"rendered":"Almanya Mavi Kart"},"content":{"rendered":"<section id=\"bt_bb_section69e26c2953e11\" class=\"bt_bb_section bt_bb_layout_boxed_1200 bt_bb_vertical_align_top bt_bb_bottom_spacing_normal bt_bb_section_show_left_boxed_content\" style=\"background-position:center;background-size:contain;\" data-bt-override-class=\"null\"><div class=\"bt_bb_background_image_holder_wrapper\"><div class=\"bt_bb_background_image_holder btLazyLoadBackground\"  data-background_image_src=\"https:\/\/almanyamavikart.com\/tr\/wp-content\/uploads\/2019\/04\/bgn-cases-2.png\" data-parallax-zoom-start=\"1\" data-parallax-zoom-end=\"1\" data-parallax-blur-start=\"0\" data-parallax-blur-end=\"0\" data-parallax-opacity-start=\"1\" data-parallax-opacity-end=\"1\" style=\" background-image: url(&#039;https:\/\/almanyamavikart.com\/tr\/wp-content\/plugins\/bold-page-builder\/img\/blank.gif&#039;);\"><\/div><\/div><div class=\"bt_bb_port\"><div class=\"bt_bb_cell\"><div class=\"bt_bb_cell_inner\"><div class=\"bt_bb_row_wrapper\"><div  class=\"bt_bb_row\"  data-bt-override-class=\"{}\"><div  class=\"bt_bb_column col-xl-6 bt_bb_align_left bt_bb_vertical_align_middle bt_bb_animation_fade_in move_up animate bt_bb_padding_normal bt_bb_animation_fade_in bt_bb_animation_move_up animate\"  data-width=\"6\" data-bt-override-class=\"{}\"><div class=\"bt_bb_column_content\"><div class=\"bt_bb_separator bt_bb_border_style_none bt_bb_bottom_spacing_normal\" data-bt-override-class=\"null\"><\/div><header class=\"bt_bb_headline bt_bb_dash_top bt_bb_superheadline bt_bb_superheadline_outside bt_bb_size_large bt_bb_align_inherit\" data-bt-override-class=\"{}\"><div class=\"bt_bb_headline_superheadline_outside\"><span class=\"bt_bb_headline_superheadline\">Nova Blue Card<\/span><\/div><h2 class=\"bt_bb_headline_tag\"><span class=\"bt_bb_headline_content\"><span><b>Almanya Mavi Kart<\/b> <\/span><\/span><\/h2><\/header><div class=\"bt_bb_separator bt_bb_border_style_none bt_bb_bottom_spacing_normal\" data-bt-override-class=\"null\"><\/div><div class=\"bt_bb_row_wrapper\"><div  class=\"bt_bb_row_inner\"  data-bt-override-class=\"{}\"><div  class=\"bt_bb_column_inner col-xl-12 bt_bb_align_left bt_bb_vertical_align_top\"  data-width=\"12\" data-bt-override-class=\"{}\"><div class=\"bt_bb_column_inner_content\"><div  class=\"bt_bb_text\" ><h1>Almanya Mavi Kart<\/h1>\n<p>Avrupa\u2019n\u0131n kap\u0131lar\u0131n\u0131 a\u00e7an\u00a0<a href=\"http:\/\/almanyamavikart.com\/tr\/\">Almanya Mavi Kart<\/a>, Nova Blue Card dan\u0131\u015fmanl\u0131\u011f\u0131 ile cazip bir se\u00e7ene\u011fe d\u00f6n\u00fc\u015f\u00fcyor. Dan\u0131\u015fanlar\u0131n hedeflerine ula\u015fmas\u0131n\u0131 ve y\u00fcksek refah seviyesinde ya\u015famas\u0131n\u0131 sa\u011flayan Nova Blue Card 41 y\u0131ll\u0131k tecr\u00fcbesi ile dan\u0131\u015fan odakl\u0131 hizmetler veriyor.<\/p>\n<p>Almanya Mavi Kart s\u00fcresiz oturum izni alma s\u00fcrecinde avantaj sunmas\u0131 ile \u00e7al\u0131\u015fma izni ile aras\u0131nda fark vard\u0131r. Bu y\u00f6n\u00fc ile b\u00fcy\u00fck bir avantaj sunan Blue Card Almanya\u2019da ya\u015famak i\u00e7in do\u011fru tercih arac\u0131d\u0131r.\u00a0<a href=\"http:\/\/almanyamavikart.com\/tr\/almanya-mavi-kart\/\"><strong>Almanya<\/strong>\u00a0<strong>Mavi Kart<\/strong><\/a>\u00a0tercihi yapmak i\u00e7in do\u011fru adres konumunda olan Nova Blue Card ise avantajl\u0131 olan bu durumu pratik bir hale d\u00f6n\u00fc\u015ft\u00fcrerek h\u0131zl\u0131 ve g\u00fcvenli i\u015flemler sa\u011fl\u0131yor.<\/p>\n<h2>Almanya Mavi Kart Ba\u015fvurusu<\/h2>\n<p>Almanya\u2019da yeni bir ya\u015fam ve yeni bir kariyer hedefleyen ki\u015filer i\u00e7in i\u015flem basamaklar\u0131n\u0131 g\u00fcvenilir ve h\u0131zl\u0131 \u015fekilde y\u00fcr\u00fcten Nova Blue Card,\u00a0<strong>Almanya Mavi Kart ba\u015fvurusu<\/strong>\u00a0a\u015famas\u0131nda dan\u0131\u015fan\u0131n t\u00fcm i\u015flemlerini yaparak dan\u0131\u015fan i\u00e7in b\u00fcy\u00fck kolayl\u0131klar sa\u011fl\u0131yor. Randevu alma s\u00fcreci ve randevu s\u00fcreci i\u00e7in de etkili \u00e7\u00f6z\u00fcmler sunan Nova Blue Card, Almanya Mavi Kart ba\u015fvurusu a\u015famas\u0131 ve di\u011fer a\u015famalarda dan\u0131\u015fan odakl\u0131 hizmet anlay\u0131\u015f\u0131n\u0131 yans\u0131t\u0131yor.<\/p>\n<h2>Almanya Mavi Kart \u015eartlar\u0131<\/h2>\n<p>Nova Blue Card dan\u0131\u015fmanl\u0131\u011f\u0131 ile kolayca Mavi kart i\u015flemlerini yapan dan\u0131\u015fanlar,\u00a0<strong>Almanya Mavi Kart \u015fartlar\u0131\u00a0<\/strong>konusunda da rahat \u015fekilde i\u015flemlerini yapabiliyorlar. Almanya Mavi Kart \u015fartlar\u0131 hakk\u0131nda dan\u0131\u015fan ile temas halinde olan uzman dan\u0131\u015fmanlar, gerekli belgeleri d\u00fczenleyerek dan\u0131\u015fan\u0131n bir \u015fey yapmas\u0131na gerek kalmadan i\u015flemleri y\u00fcr\u00fct\u00fcyor.<\/p>\n<h3>Almanya Mavi Kart Alman\u0131n Yollar\u0131<\/h3>\n<p>Almanya Mavi Kart alman\u0131n yollar\u0131 ara\u015ft\u0131r\u0131ld\u0131\u011f\u0131nda en ideal se\u00e7ene\u011fin Nova Blue Card olarak \u00f6ne \u00e7\u0131kt\u0131\u011f\u0131n\u0131 g\u00f6rmektedirler. Nova Blue Card, 41 y\u0131ll\u0131k tecr\u00fcbesini dijital d\u00fcnya ile birle\u015ftirerek hem yerinde hizmet ofisleri hem de dijital ortam anl\u0131k \u00e7\u00f6z\u00fcm merkezleri ile dan\u0131\u015fanlar\u0131n ideal tercihi konumundad\u0131r.\u00a0<strong>Almanya Mavi Kart alman\u0131n yollar\u0131\u00a0<\/strong>konusunda uzman dan\u0131\u015fmanlarla dan\u0131\u015fana destek veren Nova Blue Card, Almanya ve T\u00fcrkiye ars\u0131 e\u015f zamanl\u0131 hizmet birimleri ile s\u00fcrecin ak\u0131\u015f\u0131n\u0131 sa\u011flarken geli\u015fen teknolojik imk\u00e2nlar\u0131 b\u00fcnyesine entegre ederek modern hizmetler vermektedir.<\/p>\n<\/div><div class=\"bt_bb_separator bt_bb_border_style_none bt_bb_bottom_spacing_small\" data-bt-override-class=\"null\"><\/div><\/div><\/div><\/div><\/div><div class=\"bt_bb_separator bt_bb_border_style_solid bt_bb_top_spacing_small bt_bb_bottom_spacing_small\" style=\"; border-width: 2px\" data-bt-override-class=\"null\"><\/div><div class=\"bt_bb_button bt_bb_color_scheme_6 bt_bb_icon_position_left bt_bb_style_filled bt_bb_size_normal bt_bb_width_inline bt_bb_shape_inherit bt_bb_target_self bt_bb_align_inherit\" style=\"; --primary-color:#ffffff; --secondary-color:#e94d65;\" data-bt-override-class=\"{}\"><a href=\"https:\/\/almanyamavikart.com\/tr\/mavi-kart-icin-uygun-muyum\/\" target=\"_self\" class=\"bt_bb_link\" title=\"Uygunluk Formu\"><span class=\"bt_bb_button_text\" >Uygunluk Formu<\/span><\/a><\/div><div class=\"bt_bb_button bt_bb_color_scheme_11 bt_bb_icon_position_left bt_bb_style_filled bt_bb_size_normal bt_bb_width_inline bt_bb_shape_inherit bt_bb_target_self bt_bb_align_inherit\" style=\"; --primary-color:#ffffff; --secondary-color:#1b4962;\" data-bt-override-class=\"{}\"><a href=\"https:\/\/almanyamavikart.com\/tr\/iletisim\/\" target=\"_self\" class=\"bt_bb_link\" title=\"\u0130leti\u015fim\"><span class=\"bt_bb_button_text\" >\u0130leti\u015fim<\/span><\/a><\/div><div class=\"bt_bb_separator bt_bb_border_style_none bt_bb_bottom_spacing_medium bt_bb_hidden_sm bt_bb_hidden_md bt_bb_hidden_lg\" data-bt-override-class=\"null\"><\/div><\/div><\/div><div  class=\"bt_bb_column col-xl-6 bt_bb_align_left bt_bb_vertical_align_top bt_bb_animation_fade_in move_left animate bt_bb_padding_normal bt_bb_mobile_align_to_right_edge bt_bb_animation_fade_in bt_bb_animation_move_left animate\"  data-width=\"6\" data-bt-override-class=\"{}\"><div class=\"bt_bb_column_content\"><div class=\"bt_bb_separator bt_bb_border_style_none bt_bb_bottom_spacing_normal\" data-bt-override-class=\"null\"><\/div><div class=\"bt_bb_image bt_bb_shape_square bt_bb_target_self bt_bb_align_inherit bt_bb_hover_style_simple bt_bb_content_display_always bt_bb_content_align_middle\" data-bt-override-class=\"{}\"><span><img width=\"1238\" height=\"1469\" src=\"https:\/\/almanyamavikart.com\/tr\/wp-content\/uploads\/2019\/04\/img-faq-2.png\" class=\"attachment-full size-full\" alt=\"https:\/\/almanyamavikart.com\/tr\/wp-content\/uploads\/2019\/04\/img-faq-2.png\" decoding=\"async\" data-full_image_src=\"https:\/\/almanyamavikart.com\/tr\/wp-content\/uploads\/2019\/04\/img-faq-2.png\" title=\"img-faq-2\" srcset=\"https:\/\/almanyamavikart.com\/tr\/wp-content\/uploads\/2019\/04\/img-faq-2.png 1238w, https:\/\/almanyamavikart.com\/tr\/wp-content\/uploads\/2019\/04\/img-faq-2-640x759.png 640w, https:\/\/almanyamavikart.com\/tr\/wp-content\/uploads\/2019\/04\/img-faq-2-768x911.png 768w, https:\/\/almanyamavikart.com\/tr\/wp-content\/uploads\/2019\/04\/img-faq-2-500x593.png 500w, https:\/\/almanyamavikart.com\/tr\/wp-content\/uploads\/2019\/04\/img-faq-2-320x380.png 320w\" sizes=\"(max-width: 1238px) 100vw, 1238px\" \/><\/span><\/div><div class=\"bt_bb_separator bt_bb_border_style_none bt_bb_bottom_spacing_medium bt_bb_hidden_sm bt_bb_hidden_md bt_bb_hidden_lg\" data-bt-override-class=\"null\"><\/div><\/div><\/div><\/div><\/div><\/div><!-- cell_inner --><\/div><!-- cell --><\/div><!-- port --><\/section>","protected":false},"excerpt":{"rendered":"<p>Proactively envisioned multimedia based expertise and cross-media growth strategies. Seamlessly visualize quality intellectual capital without superior collaboration and idea-sharing. Holistically pontificate installed base portals after maintainable products.<\/p>\n","protected":false},"author":1,"featured_media":1826,"parent":0,"menu_order":0,"comment_status":"closed","ping_status":"closed","template":"","meta":[],"aioseo_notices":[],"_links":{"self":[{"href":"https:\/\/almanyamavikart.com\/tr\/wp-json\/wp\/v2\/pages\/1613"}],"collection":[{"href":"https:\/\/almanyamavikart.com\/tr\/wp-json\/wp\/v2\/pages"}],"about":[{"href":"https:\/\/almanyamavikart.com\/tr\/wp-json\/wp\/v2\/types\/page"}],"author":[{"embeddable":true,"href":"https:\/\/almanyamavikart.com\/tr\/wp-json\/wp\/v2\/users\/1"}],"replies":[{"embeddable":true,"href":"https:\/\/almanyamavikart.com\/tr\/wp-json\/wp\/v2\/comments?post=1613"}],"version-history":[{"count":7,"href":"https:\/\/almanyamavikart.com\/tr\/wp-json\/wp\/v2\/pages\/1613\/revisions"}],"predecessor-version":[{"id":31327,"href":"https:\/\/almanyamavikart.com\/tr\/wp-json\/wp\/v2\/pages\/1613\/revisions\/31327"}],"wp:featuredmedia":[{"embeddable":true,"href":"https:\/\/almanyamavikart.com\/tr\/wp-json\/wp\/v2\/media\/1826"}],"wp:attachment":[{"href":"https:\/\/almanyamavikart.com\/tr\/wp-json\/wp\/v2\/media?parent=1613"}],"curies":[{"name":"wp","href":"https:\/\/api.w.org\/{rel}","templated":true}]}}